{"id":2,"date":"2016-04-15T14:48:08","date_gmt":"2016-04-15T12:48:08","guid":{"rendered":"http:\/\/wp.appi.pro\/domains\/wp.appi.pro\/?page_id=2"},"modified":"2025-10-01T23:00:55","modified_gmt":"2025-10-01T21:00:55","slug":"sample-page","status":"publish","type":"page","link":"https:\/\/ipp.name\/?page_id=2","title":{"rendered":"\u00daVOD"},"content":{"rendered":"<p><a href=\"https:\/\/ipp.name\/wp-content\/uploads\/2016\/04\/uvod_1.jpg\"><img loading=\"lazy\" decoding=\"async\" class=\"alignnone wp-image-13\" src=\"https:\/\/ipp.name\/wp-content\/uploads\/2016\/04\/uvod_1-300x155.jpg\" alt=\"uvod_1\" width=\"840\" height=\"434\" srcset=\"https:\/\/ipp.name\/wp-content\/uploads\/2016\/04\/uvod_1-300x155.jpg 300w, https:\/\/ipp.name\/wp-content\/uploads\/2016\/04\/uvod_1-768x397.jpg 768w, https:\/\/ipp.name\/wp-content\/uploads\/2016\/04\/uvod_1-1024x529.jpg 1024w, https:\/\/ipp.name\/wp-content\/uploads\/2016\/04\/uvod_1.jpg 1366w\" sizes=\"auto, (max-width: 840px) 100vw, 840px\" \/><\/a><\/p>\n<p>Ano, toto je\u00a0 \u00favodn\u00ed str\u00e1nka.<\/p>\n<p>\u00daVOD se v\u017edycky p\u00ed\u0161e na za\u010d\u00e1tku n\u011bjak\u00e9ho p\u0159\u00edb\u011bhu, na za\u010d\u00e1tku n\u011bjak\u00e9 knihy, n\u011bjak\u00e9 publikace.<\/p>\n<p>Nev\u00edm jestli to m\u00e1m nazvat publikac\u00ed, t\u0159eba blogem? Nev\u00edm. Nejsem spisovatel, nejsem profesion\u00e1ln\u00ed publicista a p\u0159esto bych r\u00e1d popsal to, co bude v nejbi\u017e\u0161\u00edch dnech, t\u00fddnech a m\u011bs\u00edc\u00edch n\u00e1sledovat. Co pro\u017eijeme, proto\u017ee jsme se rozhodli n\u011bco takov\u00e9ho podniknout, n\u011bco takov\u00e9ho pro\u017e\u00edt.<\/p>\n<p>Nen\u00ed to cesta, kter\u00e1 by se \u00fapln\u011b vymykala tomu, co podstupuj\u00ed ostan\u00ed stejn\u00e9 n\u00e1tury. Je to cesta, pon\u011bkud del\u0161\u00ed a dobrodru\u017en\u011bj\u0161\u00ed, ale cesta do m\u00edst u\u017e nav\u0161t\u00edven\u00fdch.<\/p>\n<p>Je to cesta do Mongolska, zem\u011b vzd\u00e1len\u00e9 mnoho tis\u00edc kilometr\u016f, zem\u011b skryt\u00e9 za hlubok\u00fdmi sibi\u0159sk\u00fdmi lesy, za v\u00edce ne\u017e sedmero \u0159ekami a ty \u0159eky jsou je\u0161t\u011b ke v\u0161emu v m\u011b\u0159\u00edtc\u00edch, kter\u00e1 se malinko vymykaj\u00ed na\u0161im, st\u0159edoevropsk\u00fdm zvyklostem. Cesta z \u010desk\u00e9 kotliny na mongolskou n\u00e1horn\u00ed plo\u0161inu.<\/p>\n<p>Mnoh\u00e9 z t\u011bch, kte\u0159\u00ed se tady objev\u00ed napadne\u00a0 &#8211; pro\u010d tam ti bl\u00e1zni jedou? &#8211; Odpov\u011b\u010f nen\u00ed \u00fapln\u011b jednoduch\u00e1.<\/p>\n<p>Dobr\u00e1 zkusme si to objasnit tak trochu od zadu.<\/p>\n<p>Existuje velice p\u011bkn\u00e1 kniha kniha holandsk\u00e9ho autora Tjallinga Halbertsma s n\u00e1zvem Stepn\u00ed \u0159\u00ed\u0161e, aneb zpr\u00e1va o Mongolsku, ve kter\u00e9 autor na z\u00e1v\u011br p\u00ed\u0161e, \u017ee ho p\u0159ekvapilo jak se s n\u00edm po jeho probytu Mongolov\u00e9 lou\u010dili s absolutn\u00edm klidem v p\u0159esv\u011bd\u010den\u00ed, \u017ee se p\u0159eci znovu uvid\u00ed. Znovu proto, proto\u017ee kdy\u017e n\u011bkdo do Mongolska zav\u00edt\u00e1 tak se tam znovu a znovu vrac\u00ed. Tento post\u0159eh m\u016f\u017eeme jen potvrdit. Je to prost\u011b pocit , nutk\u00e1n\u00ed a touha se znovu do t\u00e9to zem\u011b, do t\u00e9to klidn\u00e9, \u010dist\u00e9 a nekone\u010dn\u00e9 krajiny znovu vr\u00e1tit.<\/p>\n<p>No a my se tam tak\u00e9 vr\u00e1t\u00edme a to u\u017e po n\u011bkolik\u00e1te.<\/p>\n<p>Tentokr\u00e1t jsme se rozhodli, \u017ee si cestu zpest\u0159\u00edme pr\u016fjezdem nekone\u010dn\u00fdmi cestami Ruska, p\u0159ejezdem Uralu, hranice mezi Evropou a Asi\u00ed a hlubok\u00fdmi lesy Sibi\u0159e a\u017e k Bajkalsk\u00e9mu jezeru a potom hned do nekone\u010dn\u00fdch zvln\u011bn\u00fdch step\u00ed Mongolska. Znovu nav\u0161t\u00edv\u00edme nejkr\u00e1sn\u011bj\u0161\u00ed m\u00edsta severn\u00edch hor, \u0159ek a jezer. Zvln\u011bnou step ve st\u0159edn\u00edm Mongolsku a nep\u0159edstaviteln\u011b kr\u00e1snou pou\u0161\u0165 Gobi v jejich neskute\u010dn\u00fdch odst\u00ednech v\u0161ech barev. Nav\u0161t\u00edv\u00edme, z pohledu Evropana, lidupr\u00e1zdnou zemi. Zemi kde je dobytka &#8211; kon\u00ed, ovc\u00ed, koz, krav, velbloud\u016f a jak\u016f mnohon\u00e1sobn\u011b v\u00edc ne\u017e lid\u00ed. Zemi, kde pastevec ne\u017eene st\u00e1do odn\u011bkud n\u011bkam, ale st\u00e1do postupuje krajinou a pase se v nekone\u010dn\u00e9m cyklu a \u010dlov\u011bk &#8211; pastevec je n\u00e1sleduje a tak pravideln\u011b stav\u00ed a op\u011bt skl\u00e1d\u00e1 svou jurtu. Obydl\u00ed, kter\u00e9 je generacemi nom\u00e1d\u016f prov\u011b\u0159eno. Obydl\u00ed pohodln\u00e9, jednoduch\u00e9, skladn\u00e9 a \u00fatuln\u00e9. Obydl\u00ed, kter\u00e9 poskytuje v\u0161e co \u010dlov\u011bk k \u017eivotu pot\u0159ebuje. Teprve vlastn\u00ed zku\u0161enost\u00ed ka\u017ed\u00fd z n\u00e1s pochop\u00ed jak je to \u00fa\u017easn\u00fd domov.<\/p>\n<p>Snad se mi poda\u0159\u00ed do jednotliv\u00fdch p\u0159\u00edsp\u011bvk\u016f dostat v\u0161e co za\u017eijeme. Snad V\u00e1m v\u0161em, na\u0161im p\u0159\u00edznivc\u016fm, n\u00e1v\u0161t\u011bvn\u00edk\u016fm a \u010dten\u00e1\u0159\u016fm zprost\u0159edkujeme sv\u00e9 z\u00e1\u017eitky a snad se V\u00e1m to bude l\u00edbit. V\u011b\u0159te, budu se sna\u017eit b\u00fdt objektivn\u00ed a nevynechat \u017e\u00e1dnou zaj\u00edmavou skute\u010dnost. Nem\u016f\u017eu se ov\u0161em zbavit sv\u00e9 neskr\u00fdvan\u00e9 n\u00e1klonosti k t\u00e9to zemi \ud83d\ude42<\/p>\n<p>Petr<\/p>\n","protected":false},"excerpt":{"rendered":"<p>Ano, toto je\u00a0 \u00favodn\u00ed str\u00e1nka. \u00daVOD se v\u017edycky p\u00ed\u0161e na za\u010d\u00e1tku n\u011bjak\u00e9ho p\u0159\u00edb\u011bhu, na za\u010d\u00e1tku n\u011bjak\u00e9 knihy, n\u011bjak\u00e9 publikace. Nev\u00edm jestli to m\u00e1m nazvat publikac\u00ed, t\u0159eba blogem? Nev\u00edm. Nejsem spisovatel, nejsem profesion\u00e1ln\u00ed publicista a p\u0159esto bych r\u00e1d popsal to, co bude v nejbi\u017e\u0161\u00edch dnech, t\u00fddnech a m\u011bs\u00edc\u00edch n\u00e1sledovat. Co pro\u017eijeme, proto\u017ee jsme se rozhodli n\u011bco &hellip;<br \/><a href=\"https:\/\/ipp.name\/?page_id=2\" class=\"more-link pen_button pen_element_default pen_icon_arrow_double\">Pokra\u010dovat ve\u00a0\u010dten\u00ed <span class=\"screen-reader-text\">\u00daVOD<\/span><\/a><\/p>\n","protected":false},"author":1,"featured_media":0,"parent":0,"menu_order":0,"comment_status":"open","ping_status":"open","template":"","meta":{"footnotes":""},"class_list":["post-2","page","type-page","status-publish","hentry"],"_links":{"self":[{"href":"https:\/\/ipp.name\/index.php?rest_route=\/wp\/v2\/pages\/2","targetHints":{"allow":["GET"]}}],"collection":[{"href":"https:\/\/ipp.name\/index.php?rest_route=\/wp\/v2\/pages"}],"about":[{"href":"https:\/\/ipp.name\/index.php?rest_route=\/wp\/v2\/types\/page"}],"author":[{"embeddable":true,"href":"https:\/\/ipp.name\/index.php?rest_route=\/wp\/v2\/users\/1"}],"replies":[{"embeddable":true,"href":"https:\/\/ipp.name\/index.php?rest_route=%2Fwp%2Fv2%2Fcomments&post=2"}],"version-history":[{"count":6,"href":"https:\/\/ipp.name\/index.php?rest_route=\/wp\/v2\/pages\/2\/revisions"}],"predecessor-version":[{"id":325,"href":"https:\/\/ipp.name\/index.php?rest_route=\/wp\/v2\/pages\/2\/revisions\/325"}],"wp:attachment":[{"href":"https:\/\/ipp.name\/index.php?rest_route=%2Fwp%2Fv2%2Fmedia&parent=2"}],"curies":[{"name":"wp","href":"https:\/\/api.w.org\/{rel}","templated":true}]}}